{"id":2,"date":"2021-01-16T09:14:10","date_gmt":"2021-01-16T09:14:10","guid":{"rendered":"https:\/\/wheelsup.lu\/?page_id=2"},"modified":"2026-03-08T15:53:04","modified_gmt":"2026-03-08T14:53:04","slug":"wellkomm","status":"publish","type":"page","link":"https:\/\/www.wheelsup.lu\/","title":{"rendered":"W\u00ebllkomm !"},"content":{"rendered":"\t\t<div data-elementor-type=\"wp-page\" data-elementor-id=\"2\" class=\"elementor elementor-2\">\n\t\t\t\t\t\t<section class=\"elementor-section elementor-top-section elementor-element elementor-element-7a6a44f3 elementor-section-boxed elementor-section-height-default elementor-section-height-default\" data-id=\"7a6a44f3\" data-element_type=\"section\" data-e-type=\"section\">\n\t\t\t\t\t\t<div class=\"elementor-container elementor-column-gap-default\">\n\t\t\t\t\t<div class=\"elementor-column elementor-col-100 elementor-top-column elementor-element elementor-element-203d14b9\" data-id=\"203d14b9\" data-element_type=\"column\" data-e-type=\"column\">\n\t\t\t<div class=\"elementor-widget-wrap elementor-element-populated\">\n\t\t\t\t\t\t<div class=\"elementor-element elementor-element-08d35fb elementor-widget elementor-widget-heading\" data-id=\"08d35fb\" data-element_type=\"widget\" data-e-type=\"widget\" data-widget_type=\"heading.default\">\n\t\t\t\t<div class=\"elementor-widget-container\">\n\t\t\t\t\t<h2 class=\"elementor-heading-title elementor-size-default\">Neiegkeeten<\/h2>\t\t\t\t<\/div>\n\t\t\t\t<\/div>\n\t\t\t\t<div class=\"elementor-element elementor-element-b0d6bf3 elementor-widget elementor-widget-spacer\" data-id=\"b0d6bf3\" data-element_type=\"widget\" data-e-type=\"widget\" data-widget_type=\"spacer.default\">\n\t\t\t\t<div class=\"elementor-widget-container\">\n\t\t\t\t\t\t\t<div class=\"elementor-spacer\">\n\t\t\t<div class=\"elementor-spacer-inner\"><\/div>\n\t\t<\/div>\n\t\t\t\t\t\t<\/div>\n\t\t\t\t<\/div>\n\t\t\t\t<div class=\"elementor-element elementor-element-075fe81 elementor-widget elementor-widget-text-editor\" data-id=\"075fe81\" data-element_type=\"widget\" data-e-type=\"widget\" data-widget_type=\"text-editor.default\">\n\t\t\t\t<div class=\"elementor-widget-container\">\n\t\t\t\t\t\t\t\t\t<h5 style=\"text-align: center;\">Mir traueren em eisen Gr\u00ebnnungsmember an aktive Member vum Verwaltungsrot<\/h5><h5 style=\"text-align: center;\">Dr Christopher GOEPEL<\/h5>\t\t\t\t\t\t\t\t<\/div>\n\t\t\t\t<\/div>\n\t\t\t\t<div class=\"elementor-element elementor-element-6dbe0ac elementor-widget elementor-widget-image\" data-id=\"6dbe0ac\" data-element_type=\"widget\" data-e-type=\"widget\" data-widget_type=\"image.default\">\n\t\t\t\t<div class=\"elementor-widget-container\">\n\t\t\t\t\t\t\t\t\t\t\t\t\t\t\t<img fetchpriority=\"high\" decoding=\"async\" width=\"241\" height=\"300\" src=\"https:\/\/www.wheelsup.lu\/wp-content\/uploads\/2026\/03\/Dr-Goepel-241x300.jpg\" class=\"attachment-medium size-medium wp-image-999\" alt=\"\" srcset=\"https:\/\/www.wheelsup.lu\/wp-content\/uploads\/2026\/03\/Dr-Goepel-241x300.jpg 241w, https:\/\/www.wheelsup.lu\/wp-content\/uploads\/2026\/03\/Dr-Goepel-822x1024.jpg 822w, https:\/\/www.wheelsup.lu\/wp-content\/uploads\/2026\/03\/Dr-Goepel-768x957.jpg 768w, https:\/\/www.wheelsup.lu\/wp-content\/uploads\/2026\/03\/Dr-Goepel-1233x1536.jpg 1233w, https:\/\/www.wheelsup.lu\/wp-content\/uploads\/2026\/03\/Dr-Goepel.jpg 1644w\" sizes=\"(max-width: 241px) 100vw, 241px\" \/>\t\t\t\t\t\t\t\t\t\t\t\t\t\t\t<\/div>\n\t\t\t\t<\/div>\n\t\t\t\t<div class=\"elementor-element elementor-element-8125b81 elementor-widget elementor-widget-spacer\" data-id=\"8125b81\" data-element_type=\"widget\" data-e-type=\"widget\" data-widget_type=\"spacer.default\">\n\t\t\t\t<div class=\"elementor-widget-container\">\n\t\t\t\t\t\t\t<div class=\"elementor-spacer\">\n\t\t\t<div class=\"elementor-spacer-inner\"><\/div>\n\t\t<\/div>\n\t\t\t\t\t\t<\/div>\n\t\t\t\t<\/div>\n\t\t\t\t<div class=\"elementor-element elementor-element-de620dc elementor-widget elementor-widget-spacer\" data-id=\"de620dc\" data-element_type=\"widget\" data-e-type=\"widget\" data-widget_type=\"spacer.default\">\n\t\t\t\t<div class=\"elementor-widget-container\">\n\t\t\t\t\t\t\t<div class=\"elementor-spacer\">\n\t\t\t<div class=\"elementor-spacer-inner\"><\/div>\n\t\t<\/div>\n\t\t\t\t\t\t<\/div>\n\t\t\t\t<\/div>\n\t\t\t\t<div class=\"elementor-element elementor-element-dc2c352 elementor-widget elementor-widget-spacer\" data-id=\"dc2c352\" data-element_type=\"widget\" data-e-type=\"widget\" data-widget_type=\"spacer.default\">\n\t\t\t\t<div class=\"elementor-widget-container\">\n\t\t\t\t\t\t\t<div class=\"elementor-spacer\">\n\t\t\t<div class=\"elementor-spacer-inner\"><\/div>\n\t\t<\/div>\n\t\t\t\t\t\t<\/div>\n\t\t\t\t<\/div>\n\t\t\t\t<div class=\"elementor-element elementor-element-90ecdab elementor-widget elementor-widget-spacer\" data-id=\"90ecdab\" data-element_type=\"widget\" data-e-type=\"widget\" data-widget_type=\"spacer.default\">\n\t\t\t\t<div class=\"elementor-widget-container\">\n\t\t\t\t\t\t\t<div class=\"elementor-spacer\">\n\t\t\t<div class=\"elementor-spacer-inner\"><\/div>\n\t\t<\/div>\n\t\t\t\t\t\t<\/div>\n\t\t\t\t<\/div>\n\t\t\t\t<div class=\"elementor-element elementor-element-ab1f51f elementor-widget elementor-widget-text-editor\" data-id=\"ab1f51f\" data-element_type=\"widget\" data-e-type=\"widget\" data-widget_type=\"text-editor.default\">\n\t\t\t\t<div class=\"elementor-widget-container\">\n\t\t\t\t\t\t\t\t\t<h2><strong>Bleif inform\u00e9iert:<\/strong><\/h2><h2><strong> <a href=\"https:\/\/forms.gle\/BZQiAhxzGpE5fZr78\">Newsletter Umeldung<\/a><\/strong><\/h2>\t\t\t\t\t\t\t\t<\/div>\n\t\t\t\t<\/div>\n\t\t\t\t<div class=\"elementor-element elementor-element-9a2f87a elementor-widget elementor-widget-spacer\" data-id=\"9a2f87a\" data-element_type=\"widget\" data-e-type=\"widget\" data-widget_type=\"spacer.default\">\n\t\t\t\t<div class=\"elementor-widget-container\">\n\t\t\t\t\t\t\t<div class=\"elementor-spacer\">\n\t\t\t<div class=\"elementor-spacer-inner\"><\/div>\n\t\t<\/div>\n\t\t\t\t\t\t<\/div>\n\t\t\t\t<\/div>\n\t\t\t\t<div class=\"elementor-element elementor-element-fe49b8c elementor-widget elementor-widget-text-editor\" data-id=\"fe49b8c\" data-element_type=\"widget\" data-e-type=\"widget\" data-widget_type=\"text-editor.default\">\n\t\t\t\t<div class=\"elementor-widget-container\">\n\t\t\t\t\t\t\t\t\t<p style=\"text-align: center;\">Eist n\u00e4chst \u00f6ffendl\u00ebcht Thema:<\/p><div style=\"text-align: center;\"><p class=\"p1\"><strong><span class=\"s1\">Damit junge Menschen nicht durchrutschen &#8211; <\/span><\/strong><strong><span class=\"s2\">Mentale Gesundheit und niederschwellige Jugendhilfe in Luxemburg. Eine sozialpsychiatrische Herausforderung.<\/span><\/strong><\/p><\/div>\t\t\t\t\t\t\t\t<\/div>\n\t\t\t\t<\/div>\n\t\t\t\t<div class=\"elementor-element elementor-element-d6e663a elementor-widget elementor-widget-spacer\" data-id=\"d6e663a\" data-element_type=\"widget\" data-e-type=\"widget\" data-widget_type=\"spacer.default\">\n\t\t\t\t<div class=\"elementor-widget-container\">\n\t\t\t\t\t\t\t<div class=\"elementor-spacer\">\n\t\t\t<div class=\"elementor-spacer-inner\"><\/div>\n\t\t<\/div>\n\t\t\t\t\t\t<\/div>\n\t\t\t\t<\/div>\n\t\t\t\t<div class=\"elementor-element elementor-element-110d4320 elementor-widget elementor-widget-text-editor\" data-id=\"110d4320\" data-element_type=\"widget\" data-e-type=\"widget\" data-widget_type=\"text-editor.default\">\n\t\t\t\t<div class=\"elementor-widget-container\">\n\t\t\t\t\t\t\t\t\t<p align=\"center\">\u00a0<b><i><span style=\"font-size: 11pt; font-family: Calibri, sans-serif;\">\u00a0<\/span><\/i><\/b><\/p><p style=\"margin: 0cm; font-size: medium; font-family: Cambria, serif; caret-color: #000000; color: #000000; font-weight: normal;\" align=\"center\"><b><span style=\"font-size: 11pt; font-family: Calibri, sans-serif;\">\u00a0<\/span><\/b><b><span style=\"font-size: 11pt; font-family: Calibri, sans-serif;\">WHEELS UP<br \/><\/span><\/b><b><span style=\"font-size: 11pt; font-family: Calibri, sans-serif;\">WIEN MIR SIN &#8211; WAAT MIR MAACHEN<\/span><\/b><\/p><p style=\"margin: 0cm; font-size: medium; font-family: Cambria, serif; caret-color: #000000; color: #000000; font-weight: normal;\" align=\"center\"><b><i><span style=\"font-size: 11pt; font-family: Calibri, sans-serif;\">\u00a0<\/span><\/i><\/b><\/p><p class=\"MsoNormal\" style=\"margin: 0cm; font-size: medium; font-family: Cambria, serif; color: #000000; font-weight: normal;\" align=\"center\"><b><i><span style=\"font-size: 11pt; font-family: Calibri, sans-serif;\">W\u00e9i huet alles ugefaangen?<\/span><\/i><\/b><\/p><p class=\"MsoNormal\" style=\"margin: 0cm; font-size: medium; font-family: Cambria, serif; color: #000000; font-weight: normal; text-align: justify;\"><span style=\"font-size: 11pt; font-family: Calibri, sans-serif;\">\u00a0<\/span><\/p><p class=\"MsoNormal\" style=\"margin: 0cm; font-size: medium; font-family: Cambria, serif; color: #000000; font-weight: normal; text-align: justify;\"><span style=\"font-size: 11pt; font-family: Calibri, sans-serif;\">2003 gouf den \u00e9ischte nationale Service zu L\u00ebtzebuerg gegr\u00ebnnt, deen sech akut exclusiv em Jugendlech k\u00ebmmert, d\u00e9i psychesch Krankheeten hunn. An deem Kontext hu sech iwwer d\u2018Joren vill engag\u00e9iert Leit, souwuel Professioneller w\u00e9i och Benevoller, zesummefonnt an si hu sech fir d\u2019\u00cbnnerst\u00ebtzung vun deene Jonken an hire Familljen am Ber\u00e4ich vun der mentaler Gesondheet agesat.<\/span><\/p><p class=\"MsoNormal\" style=\"margin: 0cm; font-size: medium; font-family: Cambria, serif; color: #000000; font-weight: normal; text-align: justify;\"><span style=\"font-size: 11pt; font-family: Calibri, sans-serif;\">\u00a0<\/span><\/p><p class=\"MsoNormal\" style=\"margin: 0cm; font-size: medium; font-family: Cambria, serif; color: #000000; font-weight: normal; text-align: justify;\"><span style=\"font-size: 11pt; font-family: Calibri, sans-serif;\">Geleet\u00a0vum Initiativgeescht vun der Mme Anita BR\u00dcCK, Assistante sociale an dem Dr Christopher GOEPEL, Pedopsychiater, huet sech aus deenen\u00a0engag\u00e9ierte Leit iwwert d\u2019Joren en \u201eFr\u00ebndeskrees\u201c form\u00e9iert,\u00a0deen als Ziel\u00a0hat, sech benevol fir\u00a0psychesch krank Kanner\u00a0a Jonker anzesetzen. Gutt\u00a015 Joer m\u00e9i sp\u00e9it, am September 2018, ass aus dem \u201eFr\u00ebndeskrees\u201c d\u2019ASBL \u201e<b>Wheels Up \u2013 H\u00ebllef fir\u00a0psychesch krank Kanner<\/b>\u201c entstanen.<\/span><\/p><p class=\"MsoNormal\" style=\"margin: 0cm; font-size: medium; font-family: Cambria, serif; color: #000000; font-weight: normal; text-align: justify;\"><span style=\"font-size: 11pt; font-family: Calibri, sans-serif;\">\u00a0<\/span><\/p><p class=\"MsoNormal\" style=\"margin: 0cm; font-size: medium; font-family: Cambria, serif; color: #000000; font-weight: normal; text-align: justify;\"><span style=\"font-size: 11pt; font-family: Calibri, sans-serif;\">\u00a0<\/span><\/p><p class=\"MsoNormal\" style=\"margin: 0cm; font-size: medium; font-family: Cambria, serif; color: #000000; font-weight: normal;\" align=\"center\"><b><i><span lang=\"EN-US\" style=\"font-size: 11pt; font-family: Calibri, sans-serif;\">Firwat\u00a0de Numm \u201eWheels Up\u201c ?<\/span><\/i><\/b><\/p><p class=\"MsoNormal\" style=\"margin: 0cm; font-size: medium; font-family: Cambria, serif; color: #000000; font-weight: normal; text-align: justify;\"><span lang=\"EN-US\" style=\"font-size: 11pt; font-family: Calibri, sans-serif;\">\u00a0<\/span><\/p><p class=\"MsoNormal\" style=\"margin: 0cm; font-size: medium; font-family: Cambria, serif; color: #000000; font-weight: normal; text-align: justify;\"><span style=\"font-size: 11pt; font-family: Calibri, sans-serif;\">An der Aviatioun beschreift den Ausdrock \u201eWheels Up\u201c dee Moment wou de\u00a0Fliger nom Start esou\u00a0s\u00e9cher an der Loft ass, dass hien\u00a0net m\u00e9i\u00a0eroffale kann. Esou kann de\u00a0Fliger seng Rees mat\u00a0S\u00e9cherheet\u00a0an Zouversiicht ugoen an de Pilot kann d\u2018Rieder eranhuelen.<\/span><\/p><p class=\"MsoNormal\" style=\"margin: 0cm; font-size: medium; font-family: Cambria, serif; color: #000000; font-weight: normal; text-align: justify;\"><span style=\"font-size: 11pt; font-family: Calibri, sans-serif;\">\u00a0<\/span><\/p><p class=\"MsoNormal\" style=\"margin: 0cm; font-size: medium; font-family: Cambria, serif; color: #000000; font-weight: normal; text-align: justify;\"><span style=\"font-size: 11pt; font-family: Calibri, sans-serif;\">D\u2019ASBL \u201e<b>Wheels Up \u2013 H\u00ebllef fir psychesch krank Kanner<\/b>\u201c well Jonker, d\u00e9i e\u00a0komplexe Bagage vu psychescher Krankheet (oft\u00a0schonn vu klengem un) hunn, bei hirem Start an d\u2019Liewen \u00ebnnerst\u00ebtzen.\u00a0\u00a0Mir w\u00ebllen dozou b\u00e4idroen datt di Jonk\u00a0hire \u201eWheels Up\u201c kenne maachen andeems mir hinnen et\u00a0erm\u00e9igleche m\u00e9i s\u00e9cher, selbstbewosst a gesond an d\u2019Liewen ze starten.\u00a0<\/span><\/p><p class=\"MsoNormal\" style=\"margin: 0cm; font-size: medium; font-family: Cambria, serif; color: #000000; font-weight: normal; text-align: justify;\"><span style=\"font-size: 11pt; font-family: Calibri, sans-serif;\">\u00a0<\/span><\/p><p class=\"MsoNormal\" style=\"margin: 0cm; font-size: medium; font-family: Cambria, serif; color: #000000; font-weight: normal; text-align: justify;\"><span style=\"font-size: 11pt; font-family: Calibri, sans-serif;\">\u00a0<\/span><\/p><p class=\"MsoNormal\" style=\"margin: 0cm; font-size: medium; font-family: Cambria, serif; color: #000000; font-weight: normal;\" align=\"center\"><b><i><span style=\"font-size: 11pt; font-family: Calibri, sans-serif;\">Firwat setze mir eis an?<\/span><\/i><\/b><\/p><p class=\"MsoNormal\" style=\"margin: 0cm; font-size: medium; font-family: Cambria, serif; color: #000000; font-weight: normal; text-align: justify;\"><span style=\"font-size: 11pt; font-family: Calibri, sans-serif;\">\u00a0<\/span><\/p><p class=\"MsoNormal\" style=\"margin: 0cm; font-size: medium; font-family: Cambria, serif; color: #000000; font-weight: normal; text-align: justify;\"><span style=\"font-size: 11pt; font-family: Calibri, sans-serif;\">Mir\u00a0setzen eis benevol, souwuel direkt fir <span style=\"text-decoration: underline;\">eenzel Jonker<\/span>, esou w\u00e9i och fir <span style=\"text-decoration: underline;\">Gruppen vu Jonken<\/span> an. D\u00ebst besonnesch do wou\u00a0systembedingte L\u00fccken am Helfersystem et\u00a0net erlaben\u00a0deem Jonken eng z\u00e4itno, situatiounsbedingt appropri\u00e9iert H\u00ebllef\u00a0 ze ginn.<\/span><\/p><p class=\"MsoNormal\" style=\"margin: 0cm; font-size: medium; font-family: Cambria, serif; color: #000000; font-weight: normal; text-align: justify;\"><span style=\"font-size: 11pt; font-family: Calibri, sans-serif;\">\u00a0<\/span><\/p><p class=\"MsoNormal\" style=\"margin: 0cm; font-size: medium; font-family: Cambria, serif; color: #000000; font-weight: normal; text-align: justify;\"><span style=\"font-size: 11pt; font-family: Calibri, sans-serif;\">D\u2018<span style=\"text-decoration: underline;\">Destigmatis\u00e9ierung,<\/span> <span style=\"text-decoration: underline;\">d&#8217;Pr\u00e9ventioun<\/span> an d\u2018<span style=\"text-decoration: underline;\">Opkl\u00e4rung<\/span> iwwer <span style=\"text-decoration: underline;\">psychesch Krankheeten<\/span> a <span style=\"text-decoration: underline;\">mental Fragilit\u00e9iten<\/span> bei Jonken an den \u00cbmgang mat hinnen, hire Familljen an de Professionelle l\u00e4it eis och besonnesch um H\u00e4erz. Well et mental staark a fachl\u00ebch gudd form\u00e9iert Professionneller br\u00e4uch, d\u00e9i sech em di Jonk k\u00ebmmeren. Dofir organis\u00e9iere mir \u00ebnnert anerem och Konferenzen, Formatiounen a soss Eventer zur <span style=\"text-decoration: underline;\">Sensibilis\u00e9ierung<\/span>.<\/span><\/p><p class=\"MsoNormal\" style=\"margin: 0cm; font-size: medium; font-family: Cambria, serif; color: #000000; font-weight: normal; text-align: justify;\"><span style=\"font-size: 11pt; font-family: Calibri, sans-serif;\">\u00a0\u00a0<\/span><\/p><p class=\"MsoNormal\" style=\"margin: 0cm; font-size: medium; font-family: Cambria, serif; color: #000000; font-weight: normal; text-align: justify;\"><span style=\"font-size: 11pt; font-family: Calibri, sans-serif;\">Zeckt\u00a0net Iech bei eis ze mellen, mir maan eis eng Freed\u00a0draus Iech\u00a0g\u00e4re Ried an \u00c4ntwert ze\u00a0stoe wat eis Projet\u2019en an Engagementer betr\u00ebfft.<\/span><\/p><p style=\"margin: 0cm; font-size: medium; font-family: Cambria, serif; caret-color: #000000; color: #000000; font-weight: normal; text-align: justify;\"><span style=\"font-size: 11pt; font-family: Calibri, sans-serif;\">\u00a0<\/span><\/p><p style=\"margin: 0cm; font-size: medium; font-family: Cambria, serif; caret-color: #000000; color: #000000; font-weight: normal; text-align: justify;\"><span style=\"font-size: 11pt; font-family: Calibri, sans-serif;\">\u00a0<\/span><\/p><p style=\"margin: 0cm; font-size: medium; font-family: Cambria, serif; caret-color: #000000; color: #000000; font-weight: normal; text-align: justify;\"><span style=\"font-size: 11pt; font-family: Calibri, sans-serif;\">\u00a0<\/span><\/p><p style=\"margin: 0cm 18pt 0.0001pt 0cm; text-align: center; font-size: medium; font-family: Cambria, serif; color: #000000;\"><span style=\"font-family: system-ui, -apple-system, BlinkMacSystemFont,;\"><span style=\"height: 1px; overflow: hidden; position: absolute; clip: rect(0px, 0px, 0px, 0px); width: 1px; font-family: inherit;\">\u00a0<\/span><\/span>\u00a0 \u00a0 \u00a0 \u00a0Kuckt op eiser Facebooks\u00e4it lanscht:<\/p>\t\t\t\t\t\t\t\t<\/div>\n\t\t\t\t<\/div>\n\t\t\t\t<div class=\"elementor-element elementor-element-36101ad elementor-shape-rounded elementor-grid-0 e-grid-align-center elementor-widget elementor-widget-social-icons\" data-id=\"36101ad\" data-element_type=\"widget\" data-e-type=\"widget\" data-widget_type=\"social-icons.default\">\n\t\t\t\t<div class=\"elementor-widget-container\">\n\t\t\t\t\t\t\t<div class=\"elementor-social-icons-wrapper elementor-grid\">\n\t\t\t\t\t\t\t<span class=\"elementor-grid-item\">\n\t\t\t\t\t<a class=\"elementor-icon elementor-social-icon elementor-social-icon-facebook elementor-repeater-item-a4e1905\" href=\"https:\/\/www.facebook.com\/wheelsuphellef\/?view_public_for=106408328098358\" target=\"_blank\">\n\t\t\t\t\t\t<span class=\"elementor-screen-only\">Facebook<\/span>\n\t\t\t\t\t\t<i aria-hidden=\"true\" class=\"fab fa-facebook\"><\/i>\t\t\t\t\t<\/a>\n\t\t\t\t<\/span>\n\t\t\t\t\t<\/div>\n\t\t\t\t\t\t<\/div>\n\t\t\t\t<\/div>\n\t\t\t\t<div class=\"elementor-element elementor-element-58155f1 elementor-widget elementor-widget-text-editor\" data-id=\"58155f1\" data-element_type=\"widget\" data-e-type=\"widget\" data-widget_type=\"text-editor.default\">\n\t\t\t\t<div class=\"elementor-widget-container\">\n\t\t\t\t\t\t\t\t\t<p style=\"margin: 0cm 18pt 0.0001pt 0cm; color: #000000; text-align: center; font-size: medium; font-family: Cambria, serif;\"><span style=\"color: #404040; font-family: Calibri, sans-serif; font-size: 9pt; text-align: left;\">WHEELS UP \u2013 H\u00ebllef fir psychesch krank Kanner ASBL<\/span><\/p><p style=\"margin: 0cm 18pt 0.0001pt 0cm; color: #000000; text-align: center; font-size: medium; font-family: Cambria, serif;\"><span style=\"color: #404040; font-family: Calibri, sans-serif; font-size: 9pt;\">Si\u00e8ge: 14, rue des Promenades, L-5973 ITZIG\u00a0\u00a0&#8211;\u00a0\u00a0Num\u00e9ro RCS\u00a0: F11943<\/span><\/p><div style=\"font-family: Helvetica, sans-serif; font-size: 20px; text-align: center;\"><span style=\"font-size: 9pt;\">\u00a0<\/span><span style=\"font-size: 9pt;\"><a style=\"color: #1155cc;\" href=\"http:\/\/www.wheelsup.lu\/\" target=\"_blank\" rel=\"noopener\" data-saferedirecturl=\"https:\/\/www.google.com\/url?q=http:\/\/www.wheelsup.lu&amp;source=gmail&amp;ust=1610880126199000&amp;usg=AFQjCNGK-RMPqjopq083XNpOKNHGZqphhg\">www.wheelsup.lu<\/a><\/span><span style=\"font-size: 9pt;\">\u00a0<\/span><span style=\"font-size: 9pt;\">\u00a0<\/span><span style=\"font-size: 9pt;\">&#8211;<\/span><span style=\"font-size: 9pt;\">\u00a0<\/span><span style=\"font-size: 9pt;\">\u00a0info@wheelsup.lu<\/span><span style=\"font-size: 9pt;\">\u00a0<\/span><span style=\"font-size: 9pt;\">\u00a0<\/span><span style=\"font-size: 9pt;\">&#8211;<\/span><span style=\"font-size: 9pt;\">\u00a0<\/span><span style=\"font-size: 9pt;\"> T: 691 166 848 (no sms) &#8211; \u00a0F: 27 40 40 05<\/span><\/div>\t\t\t\t\t\t\t\t<\/div>\n\t\t\t\t<\/div>\n\t\t\t\t<div class=\"elementor-element elementor-element-796e4dc elementor-widget elementor-widget-spacer\" data-id=\"796e4dc\" data-element_type=\"widget\" data-e-type=\"widget\" data-widget_type=\"spacer.default\">\n\t\t\t\t<div class=\"elementor-widget-container\">\n\t\t\t\t\t\t\t<div class=\"elementor-spacer\">\n\t\t\t<div class=\"elementor-spacer-inner\"><\/div>\n\t\t<\/div>\n\t\t\t\t\t\t<\/div>\n\t\t\t\t<\/div>\n\t\t\t\t\t<\/div>\n\t\t<\/div>\n\t\t\t\t\t<\/div>\n\t\t<\/section>\n\t\t\t\t<section class=\"elementor-section elementor-top-section elementor-element elementor-element-9863ef2 elementor-section-boxed elementor-section-height-default elementor-section-height-default\" data-id=\"9863ef2\" data-element_type=\"section\" data-e-type=\"section\">\n\t\t\t\t\t\t<div class=\"elementor-container elementor-column-gap-default\">\n\t\t\t\t\t<div class=\"elementor-column elementor-col-100 elementor-top-column elementor-element elementor-element-a2bb945\" data-id=\"a2bb945\" data-element_type=\"column\" data-e-type=\"column\">\n\t\t\t<div class=\"elementor-widget-wrap\">\n\t\t\t\t\t\t\t<\/div>\n\t\t<\/div>\n\t\t\t\t\t<\/div>\n\t\t<\/section>\n\t\t\t\t<section class=\"elementor-section elementor-top-section elementor-element elementor-element-9739493 elementor-section-boxed elementor-section-height-default elementor-section-height-default\" data-id=\"9739493\" data-element_type=\"section\" data-e-type=\"section\">\n\t\t\t\t\t\t<div class=\"elementor-container elementor-column-gap-default\">\n\t\t\t\t\t<div class=\"elementor-column elementor-col-100 elementor-top-column elementor-element elementor-element-fb825ab\" data-id=\"fb825ab\" data-element_type=\"column\" data-e-type=\"column\">\n\t\t\t<div class=\"elementor-widget-wrap\">\n\t\t\t\t\t\t\t<\/div>\n\t\t<\/div>\n\t\t\t\t\t<\/div>\n\t\t<\/section>\n\t\t\t\t<\/div>\n\t\t","protected":false},"excerpt":{"rendered":"<p>Neiegkeeten Mir traueren em eisen Gr\u00ebnnungsmember an aktive Member vum Verwaltungsrot Dr Christopher GOEPEL Bleif inform\u00e9iert: Newsletter Umeldung Eist n\u00e4chst \u00f6ffendl\u00ebcht Thema: Damit junge Menschen nicht durchrutschen &#8211; Mentale Gesundheit und niederschwellige Jugendhilfe in Luxemburg. Eine sozialpsychiatrische Herausforderung. \u00a0\u00a0 \u00a0WHEELS UPWIEN MIR SIN &#8211; WAAT MIR MAACHEN \u00a0 W\u00e9i huet alles ugefaangen? \u00a0 2003 gouf<\/p><\/div>\n<div class=\"blog-btn\"><a href=\"https:\/\/www.wheelsup.lu\/\" class=\"home-blog-btn\">Weiterlesen<\/a><\/p>\n","protected":false},"author":1,"featured_media":0,"parent":0,"menu_order":0,"comment_status":"closed","ping_status":"closed","template":"","meta":{"iawp_total_views":2904,"footnotes":""},"class_list":["post-2","page","type-page","status-publish","hentry"],"_links":{"self":[{"href":"https:\/\/www.wheelsup.lu\/index.php?rest_route=\/wp\/v2\/pages\/2","targetHints":{"allow":["GET"]}}],"collection":[{"href":"https:\/\/www.wheelsup.lu\/index.php?rest_route=\/wp\/v2\/pages"}],"about":[{"href":"https:\/\/www.wheelsup.lu\/index.php?rest_route=\/wp\/v2\/types\/page"}],"author":[{"embeddable":true,"href":"https:\/\/www.wheelsup.lu\/index.php?rest_route=\/wp\/v2\/users\/1"}],"replies":[{"embeddable":true,"href":"https:\/\/www.wheelsup.lu\/index.php?rest_route=%2Fwp%2Fv2%2Fcomments&post=2"}],"version-history":[{"count":603,"href":"https:\/\/www.wheelsup.lu\/index.php?rest_route=\/wp\/v2\/pages\/2\/revisions"}],"predecessor-version":[{"id":1092,"href":"https:\/\/www.wheelsup.lu\/index.php?rest_route=\/wp\/v2\/pages\/2\/revisions\/1092"}],"wp:attachment":[{"href":"https:\/\/www.wheelsup.lu\/index.php?rest_route=%2Fwp%2Fv2%2Fmedia&parent=2"}],"curies":[{"name":"wp","href":"https:\/\/api.w.org\/{rel}","templated":true}]}}