{"id":173,"date":"2021-01-16T14:42:56","date_gmt":"2021-01-16T14:42:56","guid":{"rendered":"https:\/\/wheelsup.lu\/?page_id=173"},"modified":"2026-03-08T13:05:04","modified_gmt":"2026-03-08T12:05:04","slug":"activites","status":"publish","type":"page","link":"https:\/\/www.wheelsup.lu\/?page_id=173","title":{"rendered":"Activit\u00e9s"},"content":{"rendered":"\t\t<div data-elementor-type=\"wp-page\" data-elementor-id=\"173\" class=\"elementor elementor-173\">\n\t\t\t\t\t\t<section class=\"elementor-section elementor-top-section elementor-element elementor-element-d583851 elementor-section-boxed elementor-section-height-default elementor-section-height-default\" data-id=\"d583851\" data-element_type=\"section\" data-e-type=\"section\">\n\t\t\t\t\t\t<div class=\"elementor-container elementor-column-gap-default\">\n\t\t\t\t\t<div class=\"elementor-column elementor-col-100 elementor-top-column elementor-element elementor-element-b82b810\" data-id=\"b82b810\" data-element_type=\"column\" data-e-type=\"column\">\n\t\t\t<div class=\"elementor-widget-wrap elementor-element-populated\">\n\t\t\t\t\t\t<div class=\"elementor-element elementor-element-ed4ba7e animated-slow elementor-invisible elementor-widget elementor-widget-image\" data-id=\"ed4ba7e\" data-element_type=\"widget\" data-e-type=\"widget\" data-settings=\"{&quot;_animation&quot;:&quot;slideInLeft&quot;}\" data-widget_type=\"image.default\">\n\t\t\t\t<div class=\"elementor-widget-container\">\n\t\t\t\t\t\t\t\t\t\t\t\t\t\t\t\t<a href=\"https:\/\/www.wheelsup.lu\/wp-content\/uploads\/2021\/01\/Wheels-Up-2020-black-sur-white-jpg-7.jpg\" data-elementor-open-lightbox=\"yes\" data-elementor-lightbox-title=\"Wheels Up 2020 black sur white jpg\" data-e-action-hash=\"#elementor-action%3Aaction%3Dlightbox%26settings%3DeyJpZCI6MjQ5LCJ1cmwiOiJodHRwczpcL1wvd3d3LndoZWVsc3VwLmx1XC93cC1jb250ZW50XC91cGxvYWRzXC8yMDIxXC8wMVwvV2hlZWxzLVVwLTIwMjAtYmxhY2stc3VyLXdoaXRlLWpwZy03LmpwZyJ9\">\n\t\t\t\t\t\t\t<img fetchpriority=\"high\" decoding=\"async\" width=\"696\" height=\"554\" src=\"https:\/\/www.wheelsup.lu\/wp-content\/uploads\/2021\/01\/Wheels-Up-2020-black-sur-white-jpg-7-768x611.jpg\" class=\"attachment-medium_large size-medium_large wp-image-249\" alt=\"\" srcset=\"https:\/\/www.wheelsup.lu\/wp-content\/uploads\/2021\/01\/Wheels-Up-2020-black-sur-white-jpg-7-768x611.jpg 768w, https:\/\/www.wheelsup.lu\/wp-content\/uploads\/2021\/01\/Wheels-Up-2020-black-sur-white-jpg-7-300x239.jpg 300w, https:\/\/www.wheelsup.lu\/wp-content\/uploads\/2021\/01\/Wheels-Up-2020-black-sur-white-jpg-7-1024x814.jpg 1024w, https:\/\/www.wheelsup.lu\/wp-content\/uploads\/2021\/01\/Wheels-Up-2020-black-sur-white-jpg-7.jpg 1138w\" sizes=\"(max-width: 696px) 100vw, 696px\" \/>\t\t\t\t\t\t\t\t<\/a>\n\t\t\t\t\t\t\t\t\t\t\t\t\t\t\t<\/div>\n\t\t\t\t<\/div>\n\t\t\t\t<div class=\"elementor-element elementor-element-204b32a elementor-widget elementor-widget-spacer\" data-id=\"204b32a\" data-element_type=\"widget\" data-e-type=\"widget\" data-widget_type=\"spacer.default\">\n\t\t\t\t<div class=\"elementor-widget-container\">\n\t\t\t\t\t\t\t<div class=\"elementor-spacer\">\n\t\t\t<div class=\"elementor-spacer-inner\"><\/div>\n\t\t<\/div>\n\t\t\t\t\t\t<\/div>\n\t\t\t\t<\/div>\n\t\t\t\t<div class=\"elementor-element elementor-element-6a69862 elementor-widget elementor-widget-text-editor\" data-id=\"6a69862\" data-element_type=\"widget\" data-e-type=\"widget\" data-widget_type=\"text-editor.default\">\n\t\t\t\t<div class=\"elementor-widget-container\">\n\t\t\t\t\t\t\t\t\t<h4><strong style=\"font-family: var( --e-global-typography-text-font-family ), Sans-serif; font-size: 0.9375rem;\">Activit\u00e9s :<\/strong><\/h4><h3><b>SOUTIEN \u00a0 &#8211; \u00a0 FORMATION \u00a0 &#8211; \u00a0 SENSIBILISATION<\/b><\/h3><p><u>Projets:<\/u><\/p><ul><li>Formations pour personnel psycho-socio-p\u00e9dagogique travaillant avec des jeunes en d\u00e9tresse\u00a0<\/li><li>Conf\u00e9rences grand public \u00e0 th\u00e8mes psycho-socio-p\u00e9dagogiques<\/li><li>Ergoth\u00e9rapie par vid\u00e9o-coaching pour \u00e9l\u00e8ves \u00e0 besoins sp\u00e9cifiques<\/li><li>Acc\u00e8s \u00e0 contenus m\u00e9diatiques p\u00e9dagogiques pour patients hospitalis\u00e9s<\/li><li>Acc\u00e8s aux contacts familiaux via vid\u00e9oconf\u00e9rence pour patients hospitalis\u00e9s et \/ ou confin\u00e9s<\/li><li>Activit\u00e9s plein-air pour jeunes patients hospitalis\u00e9s<\/li><li>Th\u00e9rapie assist\u00e9e par l&#8217;animal<\/li><li>Peerinvolvement pour jeunes patients extrahospitaliers et leurs parents<\/li><li>Soutien de jeunes en r\u00e9habilitation psychiatrique extrahospitali\u00e8re<\/li><li>Caisse d&#8217;urgence pour jeunes en souffrance mentale hospitalis\u00e9s et d\u00e9favoris\u00e9<\/li><\/ul>\t\t\t\t\t\t\t\t<\/div>\n\t\t\t\t<\/div>\n\t\t\t\t<div class=\"elementor-element elementor-element-0fd6671 elementor-widget elementor-widget-spacer\" data-id=\"0fd6671\" data-element_type=\"widget\" data-e-type=\"widget\" data-widget_type=\"spacer.default\">\n\t\t\t\t<div class=\"elementor-widget-container\">\n\t\t\t\t\t\t\t<div class=\"elementor-spacer\">\n\t\t\t<div class=\"elementor-spacer-inner\"><\/div>\n\t\t<\/div>\n\t\t\t\t\t\t<\/div>\n\t\t\t\t<\/div>\n\t\t\t\t<div class=\"elementor-element elementor-element-7bf46d3 elementor-widget elementor-widget-spacer\" data-id=\"7bf46d3\" data-element_type=\"widget\" data-e-type=\"widget\" data-widget_type=\"spacer.default\">\n\t\t\t\t<div class=\"elementor-widget-container\">\n\t\t\t\t\t\t\t<div class=\"elementor-spacer\">\n\t\t\t<div class=\"elementor-spacer-inner\"><\/div>\n\t\t<\/div>\n\t\t\t\t\t\t<\/div>\n\t\t\t\t<\/div>\n\t\t\t\t<div class=\"elementor-element elementor-element-95a527e elementor-widget elementor-widget-spacer\" data-id=\"95a527e\" data-element_type=\"widget\" data-e-type=\"widget\" data-widget_type=\"spacer.default\">\n\t\t\t\t<div class=\"elementor-widget-container\">\n\t\t\t\t\t\t\t<div class=\"elementor-spacer\">\n\t\t\t<div class=\"elementor-spacer-inner\"><\/div>\n\t\t<\/div>\n\t\t\t\t\t\t<\/div>\n\t\t\t\t<\/div>\n\t\t\t\t<div class=\"elementor-element elementor-element-ffd90a0 elementor-widget elementor-widget-image\" data-id=\"ffd90a0\" data-element_type=\"widget\" data-e-type=\"widget\" data-widget_type=\"image.default\">\n\t\t\t\t<div class=\"elementor-widget-container\">\n\t\t\t\t\t\t\t\t\t\t\t\t\t\t\t\t<a href=\"https:\/\/drive.proton.me\/urls\/JW64WMBWKR#5LncU7rR4uDL\">\n\t\t\t\t\t\t\t<img decoding=\"async\" width=\"1811\" height=\"2560\" src=\"https:\/\/www.wheelsup.lu\/wp-content\/uploads\/2025\/02\/FLYER-Pr-BRAUS-16.5.2025-JPEG-AFFINITY--scaled.jpg\" class=\"attachment-full size-full wp-image-826\" alt=\"\" srcset=\"https:\/\/www.wheelsup.lu\/wp-content\/uploads\/2025\/02\/FLYER-Pr-BRAUS-16.5.2025-JPEG-AFFINITY--scaled.jpg 1811w, https:\/\/www.wheelsup.lu\/wp-content\/uploads\/2025\/02\/FLYER-Pr-BRAUS-16.5.2025-JPEG-AFFINITY--212x300.jpg 212w, https:\/\/www.wheelsup.lu\/wp-content\/uploads\/2025\/02\/FLYER-Pr-BRAUS-16.5.2025-JPEG-AFFINITY--724x1024.jpg 724w, https:\/\/www.wheelsup.lu\/wp-content\/uploads\/2025\/02\/FLYER-Pr-BRAUS-16.5.2025-JPEG-AFFINITY--768x1086.jpg 768w, https:\/\/www.wheelsup.lu\/wp-content\/uploads\/2025\/02\/FLYER-Pr-BRAUS-16.5.2025-JPEG-AFFINITY--1086x1536.jpg 1086w, https:\/\/www.wheelsup.lu\/wp-content\/uploads\/2025\/02\/FLYER-Pr-BRAUS-16.5.2025-JPEG-AFFINITY--1448x2048.jpg 1448w\" sizes=\"(max-width: 1811px) 100vw, 1811px\" \/>\t\t\t\t\t\t\t\t<\/a>\n\t\t\t\t\t\t\t\t\t\t\t\t\t\t\t<\/div>\n\t\t\t\t<\/div>\n\t\t\t\t<div class=\"elementor-element elementor-element-577f6d9 elementor-invisible elementor-widget elementor-widget-text-editor\" data-id=\"577f6d9\" data-element_type=\"widget\" data-e-type=\"widget\" data-settings=\"{&quot;_animation&quot;:&quot;lightSpeedIn&quot;}\" data-widget_type=\"text-editor.default\">\n\t\t\t\t<div class=\"elementor-widget-container\">\n\t\t\t\t\t\t\t\t\t<p><a href=\"https:\/\/www.wheelsup.lu\/wp-content\/uploads\/2025\/03\/Pr-BRAUS-Abstract-Themenabend-16.5.2025-PDF.pdf\">ABSTRACT<\/a><\/p><p><a href=\"https:\/\/www.wheelsup.lu\/wp-content\/uploads\/2025\/02\/FLYER-Kindliches-Gehirn-und-Medien-16.5.2025-PDF.pdf\">FLYER<\/a><\/p>\t\t\t\t\t\t\t\t<\/div>\n\t\t\t\t<\/div>\n\t\t\t\t<div class=\"elementor-element elementor-element-59cfa67 elementor-invisible elementor-widget elementor-widget-text-editor\" data-id=\"59cfa67\" data-element_type=\"widget\" data-e-type=\"widget\" data-settings=\"{&quot;_animation&quot;:&quot;lightSpeedIn&quot;}\" data-widget_type=\"text-editor.default\">\n\t\t\t\t<div class=\"elementor-widget-container\">\n\t\t\t\t\t\t\t\t\t<p><a href=\"https:\/\/ssl.education.lu\/ifen\/catalog\/course\/291608\">IFEN Formation: B2-i-78<\/a><\/p><p><a href=\"https:\/\/www.fedas.lu\/training\/kindliches-gehirn-und-medien-vom-steinzeitmenschen-zum-smartphone-user-7908\">FEDAS Formation: FEDAS-2787<\/a><\/p>\t\t\t\t\t\t\t\t<\/div>\n\t\t\t\t<\/div>\n\t\t\t\t<div class=\"elementor-element elementor-element-a2f8b88 elementor-widget elementor-widget-spacer\" data-id=\"a2f8b88\" data-element_type=\"widget\" data-e-type=\"widget\" data-widget_type=\"spacer.default\">\n\t\t\t\t<div class=\"elementor-widget-container\">\n\t\t\t\t\t\t\t<div class=\"elementor-spacer\">\n\t\t\t<div class=\"elementor-spacer-inner\"><\/div>\n\t\t<\/div>\n\t\t\t\t\t\t<\/div>\n\t\t\t\t<\/div>\n\t\t\t\t<div class=\"elementor-element elementor-element-cd077de elementor-widget elementor-widget-spacer\" data-id=\"cd077de\" data-element_type=\"widget\" data-e-type=\"widget\" data-widget_type=\"spacer.default\">\n\t\t\t\t<div class=\"elementor-widget-container\">\n\t\t\t\t\t\t\t<div class=\"elementor-spacer\">\n\t\t\t<div class=\"elementor-spacer-inner\"><\/div>\n\t\t<\/div>\n\t\t\t\t\t\t<\/div>\n\t\t\t\t<\/div>\n\t\t\t\t<div class=\"elementor-element elementor-element-6cdc82e elementor-widget elementor-widget-spacer\" data-id=\"6cdc82e\" data-element_type=\"widget\" data-e-type=\"widget\" data-widget_type=\"spacer.default\">\n\t\t\t\t<div class=\"elementor-widget-container\">\n\t\t\t\t\t\t\t<div class=\"elementor-spacer\">\n\t\t\t<div class=\"elementor-spacer-inner\"><\/div>\n\t\t<\/div>\n\t\t\t\t\t\t<\/div>\n\t\t\t\t<\/div>\n\t\t\t\t<div class=\"elementor-element elementor-element-95f5705 elementor-widget elementor-widget-image\" data-id=\"95f5705\" data-element_type=\"widget\" data-e-type=\"widget\" data-widget_type=\"image.default\">\n\t\t\t\t<div class=\"elementor-widget-container\">\n\t\t\t\t\t\t\t\t\t\t\t\t\t\t\t<img decoding=\"async\" width=\"696\" height=\"974\" src=\"https:\/\/www.wheelsup.lu\/wp-content\/uploads\/2024\/12\/Neijorsconcert-2025-732x1024.jpeg\" class=\"attachment-large size-large wp-image-784\" alt=\"\" srcset=\"https:\/\/www.wheelsup.lu\/wp-content\/uploads\/2024\/12\/Neijorsconcert-2025-732x1024.jpeg 732w, https:\/\/www.wheelsup.lu\/wp-content\/uploads\/2024\/12\/Neijorsconcert-2025-215x300.jpeg 215w, https:\/\/www.wheelsup.lu\/wp-content\/uploads\/2024\/12\/Neijorsconcert-2025-768x1074.jpeg 768w, https:\/\/www.wheelsup.lu\/wp-content\/uploads\/2024\/12\/Neijorsconcert-2025-1098x1536.jpeg 1098w, https:\/\/www.wheelsup.lu\/wp-content\/uploads\/2024\/12\/Neijorsconcert-2025.jpeg 1144w\" sizes=\"(max-width: 696px) 100vw, 696px\" \/>\t\t\t\t\t\t\t\t\t\t\t\t\t\t\t<\/div>\n\t\t\t\t<\/div>\n\t\t\t\t<div class=\"elementor-element elementor-element-4d1ec72 elementor-widget elementor-widget-spacer\" data-id=\"4d1ec72\" data-element_type=\"widget\" data-e-type=\"widget\" data-widget_type=\"spacer.default\">\n\t\t\t\t<div class=\"elementor-widget-container\">\n\t\t\t\t\t\t\t<div class=\"elementor-spacer\">\n\t\t\t<div class=\"elementor-spacer-inner\"><\/div>\n\t\t<\/div>\n\t\t\t\t\t\t<\/div>\n\t\t\t\t<\/div>\n\t\t\t\t<div class=\"elementor-element elementor-element-9029fa0 elementor-widget elementor-widget-spacer\" data-id=\"9029fa0\" data-element_type=\"widget\" data-e-type=\"widget\" data-widget_type=\"spacer.default\">\n\t\t\t\t<div class=\"elementor-widget-container\">\n\t\t\t\t\t\t\t<div class=\"elementor-spacer\">\n\t\t\t<div class=\"elementor-spacer-inner\"><\/div>\n\t\t<\/div>\n\t\t\t\t\t\t<\/div>\n\t\t\t\t<\/div>\n\t\t\t\t\t<\/div>\n\t\t<\/div>\n\t\t\t\t\t<\/div>\n\t\t<\/section>\n\t\t\t\t<section class=\"elementor-section elementor-top-section elementor-element elementor-element-5c7d031 elementor-section-boxed elementor-section-height-default elementor-section-height-default\" data-id=\"5c7d031\" data-element_type=\"section\" data-e-type=\"section\">\n\t\t\t\t\t\t<div class=\"elementor-container elementor-column-gap-default\">\n\t\t\t\t\t<div class=\"elementor-column elementor-col-100 elementor-top-column elementor-element elementor-element-6a3a4fd\" data-id=\"6a3a4fd\" data-element_type=\"column\" data-e-type=\"column\">\n\t\t\t<div class=\"elementor-widget-wrap elementor-element-populated\">\n\t\t\t\t\t\t<div class=\"elementor-element elementor-element-1c4712a elementor-widget elementor-widget-spacer\" data-id=\"1c4712a\" data-element_type=\"widget\" data-e-type=\"widget\" data-widget_type=\"spacer.default\">\n\t\t\t\t<div class=\"elementor-widget-container\">\n\t\t\t\t\t\t\t<div class=\"elementor-spacer\">\n\t\t\t<div class=\"elementor-spacer-inner\"><\/div>\n\t\t<\/div>\n\t\t\t\t\t\t<\/div>\n\t\t\t\t<\/div>\n\t\t\t\t<div class=\"elementor-element elementor-element-5970bb8 elementor-widget elementor-widget-image\" data-id=\"5970bb8\" data-element_type=\"widget\" data-e-type=\"widget\" data-widget_type=\"image.default\">\n\t\t\t\t<div class=\"elementor-widget-container\">\n\t\t\t\t\t\t\t\t\t\t\t\t\t\t\t<img loading=\"lazy\" decoding=\"async\" width=\"696\" height=\"984\" src=\"https:\/\/www.wheelsup.lu\/wp-content\/uploads\/2023\/01\/FLYER-Formation-WU-ACT-3.2023-PNG2-724x1024.png\" class=\"attachment-large size-large wp-image-710\" alt=\"\" srcset=\"https:\/\/www.wheelsup.lu\/wp-content\/uploads\/2023\/01\/FLYER-Formation-WU-ACT-3.2023-PNG2-724x1024.png 724w, https:\/\/www.wheelsup.lu\/wp-content\/uploads\/2023\/01\/FLYER-Formation-WU-ACT-3.2023-PNG2-212x300.png 212w, https:\/\/www.wheelsup.lu\/wp-content\/uploads\/2023\/01\/FLYER-Formation-WU-ACT-3.2023-PNG2-768x1086.png 768w, https:\/\/www.wheelsup.lu\/wp-content\/uploads\/2023\/01\/FLYER-Formation-WU-ACT-3.2023-PNG2-1086x1536.png 1086w, https:\/\/www.wheelsup.lu\/wp-content\/uploads\/2023\/01\/FLYER-Formation-WU-ACT-3.2023-PNG2-1448x2048.png 1448w\" sizes=\"(max-width: 696px) 100vw, 696px\" \/>\t\t\t\t\t\t\t\t\t\t\t\t\t\t\t<\/div>\n\t\t\t\t<\/div>\n\t\t\t\t<div class=\"elementor-element elementor-element-fb7589e elementor-invisible elementor-widget elementor-widget-text-editor\" data-id=\"fb7589e\" data-element_type=\"widget\" data-e-type=\"widget\" data-settings=\"{&quot;_animation&quot;:&quot;lightSpeedIn&quot;}\" data-widget_type=\"text-editor.default\">\n\t\t\t\t<div class=\"elementor-widget-container\">\n\t\t\t\t\t\t\t\t\t<p><a href=\"https:\/\/www.wheelsup.lu\/wp-content\/uploads\/2026\/03\/Pressemitteilung-Fortbildung-ACT-3.2023-PDF-1.pdf\">ABSTRACT<\/a><\/p><p><a href=\"https:\/\/www.wheelsup.lu\/wp-content\/uploads\/2023\/01\/FLYER-Formation-ACT-3.2023-PDF2.pdf\">FLYER<\/a><\/p>\t\t\t\t\t\t\t\t<\/div>\n\t\t\t\t<\/div>\n\t\t\t\t<div class=\"elementor-element elementor-element-dabfcf4 elementor-widget elementor-widget-spacer\" data-id=\"dabfcf4\" data-element_type=\"widget\" data-e-type=\"widget\" data-widget_type=\"spacer.default\">\n\t\t\t\t<div class=\"elementor-widget-container\">\n\t\t\t\t\t\t\t<div class=\"elementor-spacer\">\n\t\t\t<div class=\"elementor-spacer-inner\"><\/div>\n\t\t<\/div>\n\t\t\t\t\t\t<\/div>\n\t\t\t\t<\/div>\n\t\t\t\t<div class=\"elementor-element elementor-element-79af778 elementor-widget elementor-widget-spacer\" data-id=\"79af778\" data-element_type=\"widget\" data-e-type=\"widget\" data-widget_type=\"spacer.default\">\n\t\t\t\t<div class=\"elementor-widget-container\">\n\t\t\t\t\t\t\t<div class=\"elementor-spacer\">\n\t\t\t<div class=\"elementor-spacer-inner\"><\/div>\n\t\t<\/div>\n\t\t\t\t\t\t<\/div>\n\t\t\t\t<\/div>\n\t\t\t\t<div class=\"elementor-element elementor-element-50f2585 elementor-widget elementor-widget-spacer\" data-id=\"50f2585\" data-element_type=\"widget\" data-e-type=\"widget\" data-widget_type=\"spacer.default\">\n\t\t\t\t<div class=\"elementor-widget-container\">\n\t\t\t\t\t\t\t<div class=\"elementor-spacer\">\n\t\t\t<div class=\"elementor-spacer-inner\"><\/div>\n\t\t<\/div>\n\t\t\t\t\t\t<\/div>\n\t\t\t\t<\/div>\n\t\t\t\t<div class=\"elementor-element elementor-element-b5685b3 elementor-widget elementor-widget-image\" data-id=\"b5685b3\" data-element_type=\"widget\" data-e-type=\"widget\" data-widget_type=\"image.default\">\n\t\t\t\t<div class=\"elementor-widget-container\">\n\t\t\t\t\t\t\t\t\t\t\t\t\t\t\t<img loading=\"lazy\" decoding=\"async\" width=\"696\" height=\"984\" src=\"https:\/\/www.wheelsup.lu\/wp-content\/uploads\/2022\/04\/FLYER-Formation-DBT-A-2022-PNG-724x1024.png\" class=\"attachment-large size-large wp-image-516\" alt=\"\" srcset=\"https:\/\/www.wheelsup.lu\/wp-content\/uploads\/2022\/04\/FLYER-Formation-DBT-A-2022-PNG-724x1024.png 724w, https:\/\/www.wheelsup.lu\/wp-content\/uploads\/2022\/04\/FLYER-Formation-DBT-A-2022-PNG-212x300.png 212w, https:\/\/www.wheelsup.lu\/wp-content\/uploads\/2022\/04\/FLYER-Formation-DBT-A-2022-PNG-768x1086.png 768w, https:\/\/www.wheelsup.lu\/wp-content\/uploads\/2022\/04\/FLYER-Formation-DBT-A-2022-PNG-1086x1536.png 1086w, https:\/\/www.wheelsup.lu\/wp-content\/uploads\/2022\/04\/FLYER-Formation-DBT-A-2022-PNG-1448x2048.png 1448w\" sizes=\"(max-width: 696px) 100vw, 696px\" \/>\t\t\t\t\t\t\t\t\t\t\t\t\t\t\t<\/div>\n\t\t\t\t<\/div>\n\t\t\t\t<div class=\"elementor-element elementor-element-730236c elementor-invisible elementor-widget elementor-widget-text-editor\" data-id=\"730236c\" data-element_type=\"widget\" data-e-type=\"widget\" data-settings=\"{&quot;_animation&quot;:&quot;lightSpeedIn&quot;}\" data-widget_type=\"text-editor.default\">\n\t\t\t\t<div class=\"elementor-widget-container\">\n\t\t\t\t\t\t\t\t\t<p><a href=\"https:\/\/www.wheelsup.lu\/wp-content\/uploads\/2026\/03\/Beschreibung-Fortbildung-DBT-A-17.6.22-an-1.7.22-WU-Projet-Oeuvre-GDC-2021-PDF.pdf\">ABSTRACT<\/a><\/p><p><a href=\"https:\/\/www.wheelsup.lu\/wp-content\/uploads\/2022\/05\/FEU_FLYER-Formation-DBT-A-2022-PDF-NEU.pdf\">FLYER<\/a><\/p>\t\t\t\t\t\t\t\t<\/div>\n\t\t\t\t<\/div>\n\t\t\t\t<div class=\"elementor-element elementor-element-de4a0ab elementor-widget elementor-widget-spacer\" data-id=\"de4a0ab\" data-element_type=\"widget\" data-e-type=\"widget\" data-widget_type=\"spacer.default\">\n\t\t\t\t<div class=\"elementor-widget-container\">\n\t\t\t\t\t\t\t<div class=\"elementor-spacer\">\n\t\t\t<div class=\"elementor-spacer-inner\"><\/div>\n\t\t<\/div>\n\t\t\t\t\t\t<\/div>\n\t\t\t\t<\/div>\n\t\t\t\t<div class=\"elementor-element elementor-element-65e5742 elementor-widget elementor-widget-spacer\" data-id=\"65e5742\" data-element_type=\"widget\" data-e-type=\"widget\" data-widget_type=\"spacer.default\">\n\t\t\t\t<div class=\"elementor-widget-container\">\n\t\t\t\t\t\t\t<div class=\"elementor-spacer\">\n\t\t\t<div class=\"elementor-spacer-inner\"><\/div>\n\t\t<\/div>\n\t\t\t\t\t\t<\/div>\n\t\t\t\t<\/div>\n\t\t\t\t<div class=\"elementor-element elementor-element-e547a34 elementor-widget elementor-widget-spacer\" data-id=\"e547a34\" data-element_type=\"widget\" data-e-type=\"widget\" data-widget_type=\"spacer.default\">\n\t\t\t\t<div class=\"elementor-widget-container\">\n\t\t\t\t\t\t\t<div class=\"elementor-spacer\">\n\t\t\t<div class=\"elementor-spacer-inner\"><\/div>\n\t\t<\/div>\n\t\t\t\t\t\t<\/div>\n\t\t\t\t<\/div>\n\t\t\t\t<div class=\"elementor-element elementor-element-13b830c animated-slow elementor-position-top elementor-invisible elementor-widget elementor-widget-image-box\" data-id=\"13b830c\" data-element_type=\"widget\" data-e-type=\"widget\" data-settings=\"{&quot;_animation&quot;:&quot;fadeIn&quot;}\" data-widget_type=\"image-box.default\">\n\t\t\t\t<div class=\"elementor-widget-container\">\n\t\t\t\t\t<div class=\"elementor-image-box-wrapper\"><figure class=\"elementor-image-box-img\"><img loading=\"lazy\" decoding=\"async\" width=\"1144\" height=\"1602\" src=\"https:\/\/www.wheelsup.lu\/wp-content\/uploads\/2023\/01\/WU-Vente-tableaux-.png\" class=\"attachment-full size-full wp-image-585\" alt=\"\" srcset=\"https:\/\/www.wheelsup.lu\/wp-content\/uploads\/2023\/01\/WU-Vente-tableaux-.png 1144w, https:\/\/www.wheelsup.lu\/wp-content\/uploads\/2023\/01\/WU-Vente-tableaux--214x300.png 214w, https:\/\/www.wheelsup.lu\/wp-content\/uploads\/2023\/01\/WU-Vente-tableaux--731x1024.png 731w, https:\/\/www.wheelsup.lu\/wp-content\/uploads\/2023\/01\/WU-Vente-tableaux--768x1075.png 768w, https:\/\/www.wheelsup.lu\/wp-content\/uploads\/2023\/01\/WU-Vente-tableaux--1097x1536.png 1097w\" sizes=\"(max-width: 1144px) 100vw, 1144px\" \/><\/figure><\/div>\t\t\t\t<\/div>\n\t\t\t\t<\/div>\n\t\t\t\t<div class=\"elementor-element elementor-element-5689d66 elementor-widget elementor-widget-spacer\" data-id=\"5689d66\" data-element_type=\"widget\" data-e-type=\"widget\" data-widget_type=\"spacer.default\">\n\t\t\t\t<div class=\"elementor-widget-container\">\n\t\t\t\t\t\t\t<div class=\"elementor-spacer\">\n\t\t\t<div class=\"elementor-spacer-inner\"><\/div>\n\t\t<\/div>\n\t\t\t\t\t\t<\/div>\n\t\t\t\t<\/div>\n\t\t\t\t\t<\/div>\n\t\t<\/div>\n\t\t\t\t\t<\/div>\n\t\t<\/section>\n\t\t\t\t<section class=\"elementor-section elementor-top-section elementor-element elementor-element-f6ed17b elementor-section-boxed elementor-section-height-default elementor-section-height-default\" data-id=\"f6ed17b\" data-element_type=\"section\" data-e-type=\"section\">\n\t\t\t\t\t\t<div class=\"elementor-container elementor-column-gap-default\">\n\t\t\t\t\t<div class=\"elementor-column elementor-col-100 elementor-top-column elementor-element elementor-element-ea3002a\" data-id=\"ea3002a\" data-element_type=\"column\" data-e-type=\"column\">\n\t\t\t<div class=\"elementor-widget-wrap\">\n\t\t\t\t\t\t\t<\/div>\n\t\t<\/div>\n\t\t\t\t\t<\/div>\n\t\t<\/section>\n\t\t\t\t<\/div>\n\t\t","protected":false},"excerpt":{"rendered":"<p>Activit\u00e9s : SOUTIEN \u00a0 &#8211; \u00a0 FORMATION \u00a0 &#8211; \u00a0 SENSIBILISATION Projets: Formations pour personnel psycho-socio-p\u00e9dagogique travaillant avec des jeunes en d\u00e9tresse\u00a0 Conf\u00e9rences grand public \u00e0 th\u00e8mes psycho-socio-p\u00e9dagogiques Ergoth\u00e9rapie par vid\u00e9o-coaching pour \u00e9l\u00e8ves \u00e0 besoins sp\u00e9cifiques Acc\u00e8s \u00e0 contenus m\u00e9diatiques p\u00e9dagogiques pour patients hospitalis\u00e9s Acc\u00e8s aux contacts familiaux via vid\u00e9oconf\u00e9rence pour patients hospitalis\u00e9s et \/<\/p><\/div>\n<div class=\"blog-btn\"><a href=\"https:\/\/www.wheelsup.lu\/?page_id=173\" class=\"home-blog-btn\">Weiterlesen<\/a><\/p>\n","protected":false},"author":1,"featured_media":0,"parent":0,"menu_order":0,"comment_status":"closed","ping_status":"closed","template":"","meta":{"iawp_total_views":502,"footnotes":""},"class_list":["post-173","page","type-page","status-publish","hentry"],"_links":{"self":[{"href":"https:\/\/www.wheelsup.lu\/index.php?rest_route=\/wp\/v2\/pages\/173","targetHints":{"allow":["GET"]}}],"collection":[{"href":"https:\/\/www.wheelsup.lu\/index.php?rest_route=\/wp\/v2\/pages"}],"about":[{"href":"https:\/\/www.wheelsup.lu\/index.php?rest_route=\/wp\/v2\/types\/page"}],"author":[{"embeddable":true,"href":"https:\/\/www.wheelsup.lu\/index.php?rest_route=\/wp\/v2\/users\/1"}],"replies":[{"embeddable":true,"href":"https:\/\/www.wheelsup.lu\/index.php?rest_route=%2Fwp%2Fv2%2Fcomments&post=173"}],"version-history":[{"count":157,"href":"https:\/\/www.wheelsup.lu\/index.php?rest_route=\/wp\/v2\/pages\/173\/revisions"}],"predecessor-version":[{"id":1071,"href":"https:\/\/www.wheelsup.lu\/index.php?rest_route=\/wp\/v2\/pages\/173\/revisions\/1071"}],"wp:attachment":[{"href":"https:\/\/www.wheelsup.lu\/index.php?rest_route=%2Fwp%2Fv2%2Fmedia&parent=173"}],"curies":[{"name":"wp","href":"https:\/\/api.w.org\/{rel}","templated":true}]}}